{"id":30,"date":"2019-09-08T17:01:11","date_gmt":"2019-09-08T17:01:11","guid":{"rendered":"http:\/\/peppi-net.de\/?page_id=30"},"modified":"2019-10-14T21:15:19","modified_gmt":"2019-10-14T21:15:19","slug":"landschaftfotografie","status":"publish","type":"page","link":"https:\/\/peppi-net.de\/?page_id=30","title":{"rendered":"Landschaftsfotografie"},"content":{"rendered":"\t\t<div data-elementor-type=\"wp-page\" data-elementor-id=\"30\" class=\"elementor elementor-30\">\n\t\t\t\t\t\t<div class=\"elementor-inner\">\n\t\t\t\t<div class=\"elementor-section-wrap\">\n\t\t\t\t\t\t\t\t\t<section class=\"elementor-section elementor-top-section elementor-element elementor-element-2098920 elementor-section-boxed elementor-section-height-default elementor-section-height-default\" data-id=\"2098920\" data-element_type=\"section\">\n\t\t\t\t\t\t<div class=\"elementor-container elementor-column-gap-default\">\n\t\t\t\t\t\t\t<div class=\"elementor-row\">\n\t\t\t\t\t<div class=\"elementor-column elementor-col-100 elementor-top-column elementor-element elementor-element-9c3da20\" data-id=\"9c3da20\" data-element_type=\"column\">\n\t\t\t<div class=\"elementor-column-wrap elementor-element-populated\">\n\t\t\t\t\t\t\t<div class=\"elementor-widget-wrap\">\n\t\t\t\t\t\t<div class=\"elementor-element elementor-element-02aae57 elementor-widget elementor-widget-text-editor\" data-id=\"02aae57\" data-element_type=\"widget\" data-widget_type=\"text-editor.default\">\n\t\t\t\t<div class=\"elementor-widget-container\">\n\t\t\t\t\t\t\t\t<div class=\"elementor-text-editor elementor-clearfix\">\n\t\t\t\t<h4>Landschaftsfotografie<\/h4><p>Die Landschaftsfotografie zeigt in vielen F\u00e4llen unsere Natur und Fotografen nutzen sie insbesondere, um unsere Natur noch &#8222;bildgewaltiger&#8220; darzustellen. Ob nun die Langzeitbelichtung Seen und Fl\u00fcsse in einem beeindruckenden Schliereffekt sichtbar werden l\u00e4sst oder Nachtaufnahmen die Stadt in ein ganz anderes Licht r\u00fccken&#8230;\u00a0<\/p><p>Hier findet Ihr Fotoblogs rund um die Landschaftfotografie und die Bilder d\u00fcrft Ihr Euch gerne downloaden<\/p>\t\t\t\t\t<\/div>\n\t\t\t\t\t\t<\/div>\n\t\t\t\t<\/div>\n\t\t\t\t\t\t<\/div>\n\t\t\t\t\t<\/div>\n\t\t<\/div>\n\t\t\t\t\t\t\t\t<\/div>\n\t\t\t\t\t<\/div>\n\t\t<\/section>\n\t\t\t\t<section class=\"elementor-section elementor-top-section elementor-element elementor-element-250eb49 elementor-section-boxed elementor-section-height-default elementor-section-height-default\" data-id=\"250eb49\" data-element_type=\"section\" data-settings=\"{&quot;background_background&quot;:&quot;classic&quot;}\">\n\t\t\t\t\t\t<div class=\"elementor-container elementor-column-gap-default\">\n\t\t\t\t\t\t\t<div class=\"elementor-row\">\n\t\t\t\t\t<div class=\"elementor-column elementor-col-100 elementor-top-column elementor-element elementor-element-be56ed6\" data-id=\"be56ed6\" data-element_type=\"column\" data-settings=\"{&quot;background_background&quot;:&quot;classic&quot;}\">\n\t\t\t<div class=\"elementor-column-wrap elementor-element-populated\">\n\t\t\t\t\t\t\t<div class=\"elementor-widget-wrap\">\n\t\t\t\t\t\t<section class=\"elementor-section elementor-inner-section elementor-element elementor-element-ed9c9ce elementor-section-boxed elementor-section-height-default elementor-section-height-default\" data-id=\"ed9c9ce\" data-element_type=\"section\" data-settings=\"{&quot;background_background&quot;:&quot;classic&quot;}\">\n\t\t\t\t\t\t<div class=\"elementor-container elementor-column-gap-default\">\n\t\t\t\t\t\t\t<div class=\"elementor-row\">\n\t\t\t\t\t<div class=\"elementor-column elementor-col-100 elementor-inner-column elementor-element elementor-element-49e2863\" data-id=\"49e2863\" data-element_type=\"column\">\n\t\t\t<div class=\"elementor-column-wrap elementor-element-populated\">\n\t\t\t\t\t\t\t<div class=\"elementor-widget-wrap\">\n\t\t\t\t\t\t<div class=\"elementor-element elementor-element-522673e elementor-widget elementor-widget-text-editor\" data-id=\"522673e\" data-element_type=\"widget\" data-widget_type=\"text-editor.default\">\n\t\t\t\t<div class=\"elementor-widget-container\">\n\t\t\t\t\t\t\t\t<div class=\"elementor-text-editor elementor-clearfix\">\n\t\t\t\t<h4>Aktuelle Fotoblogs zur Landschaftsfotografie<\/h4>\t\t\t\t\t<\/div>\n\t\t\t\t\t\t<\/div>\n\t\t\t\t<\/div>\n\t\t\t\t\t\t<\/div>\n\t\t\t\t\t<\/div>\n\t\t<\/div>\n\t\t\t\t\t\t\t\t<\/div>\n\t\t\t\t\t<\/div>\n\t\t<\/section>\n\t\t\t\t<section class=\"elementor-section elementor-inner-section elementor-element elementor-element-4aad58a elementor-section-boxed elementor-section-height-default elementor-section-height-default\" data-id=\"4aad58a\" data-element_type=\"section\" data-settings=\"{&quot;background_background&quot;:&quot;classic&quot;}\">\n\t\t\t\t\t\t<div class=\"elementor-container elementor-column-gap-default\">\n\t\t\t\t\t\t\t<div class=\"elementor-row\">\n\t\t\t\t\t<div class=\"elementor-column elementor-col-100 elementor-inner-column elementor-element elementor-element-ff0fd1c\" data-id=\"ff0fd1c\" data-element_type=\"column\">\n\t\t\t<div class=\"elementor-column-wrap elementor-element-populated\">\n\t\t\t\t\t\t\t<div class=\"elementor-widget-wrap\">\n\t\t\t\t\t\t<div class=\"elementor-element elementor-element-2bb39f3 elementor-widget elementor-widget-wp-widget-sow-post-carousel\" data-id=\"2bb39f3\" data-element_type=\"widget\" data-widget_type=\"wp-widget-sow-post-carousel.default\">\n\t\t\t\t<div class=\"elementor-widget-container\">\n\t\t\t<div class=\"so-widget-sow-post-carousel so-widget-sow-post-carousel-default-cea027ed113e\">\n\t<div class=\"sow-carousel-title\">\n\t\t\n\t\t<div class=\"sow-carousel-navigation\">\n\t\t\t<a href=\"#\" class=\"sow-carousel-next\" title=\"Next\" aria-label=\"Next Posts\" role=\"button\"><\/a>\n\t\t\t<a href=\"#\" class=\"sow-carousel-previous\" title=\"Previous\" aria-label=\"Previous Posts\" role=\"button\"><\/a>\n\t\t<\/div>\n\n\t<\/div>\n\n\t<div class=\"sow-carousel-container\">\n\n\t\t<a href=\"#\" class=\"sow-carousel-previous\" title=\"Previous\" aria-label=\"Previous Posts\" role=\"button\"><\/a>\n\n\t\t<a href=\"#\" class=\"sow-carousel-next\" title=\"Next\" aria-label=\"Next Posts\" role=\"button\"><\/a>\n\n\t\t<div class=\"sow-carousel-wrapper\"\n\t\t     data-post-count=\"9\"\n\t\t     data-loop-posts-enabled=\"\"\n\t\t     data-ajax-url=\"https:\/\/peppi-net.de\/wp-admin\/admin-ajax.php?_widgets_nonce=306b474a8e\"\n\t\t     data-page=\"1\"\n\t\t     data-fetching=\"false\"\n\t\t     data-dir=\"ltr\"\n\t\t     data-responsive=\"{&quot;desktop_slides&quot;:1,&quot;tablet_portrait_slides&quot;:2,&quot;tablet_portrait_breakpoint&quot;:1025,&quot;tablet_landscape_slides&quot;:2,&quot;tablet_landscape_breakpoint&quot;:1366,&quot;mobile_breakpoint&quot;:480,&quot;mobile_slides&quot;:1}\"\n\t\t>\n\t\t\t<div class=\"sow-carousel-items\">\n\t\t\t\t\t<div class=\"sow-carousel-item\" tabindex=\"-1\">\n\t\t<div class=\"sow-carousel-thumbnail\">\n\t\t\t\t\t\t\t<a href=\"https:\/\/peppi-net.de\/?p=820\"\n\t\t\t\t\t\t\t\t\t\tstyle=\"background-image: url( https:\/\/peppi-net.de\/wp-content\/uploads\/2020\/09\/20200917-_PAK9148-2-272x182.jpg )\"\n\t\t\t\t\taria-labelledby=\"sow-carousel-id-820\"\n\t\t\t\t\ttabindex=\"-1\">\n\t\t\t\t\t<span class=\"overlay\"><\/span>\n\t\t\t\t<\/a>\n\t\t\t\t\t<\/div>\n\t\t<h3><a href=\"https:\/\/peppi-net.de\/?p=820\" id=\"sow-carousel-id-820\"  tabindex=\"-1\">Falmenta, in den Bergen Italiens, \u00fcber dem Lago Maggiore<\/a><\/h3>\n\t<\/div>\n\t<div class=\"sow-carousel-item\" tabindex=\"-1\">\n\t\t<div class=\"sow-carousel-thumbnail\">\n\t\t\t\t\t\t\t<a href=\"https:\/\/peppi-net.de\/?p=373\"\n\t\t\t\t\t\t\t\t\t\tstyle=\"background-image: url( https:\/\/peppi-net.de\/wp-content\/uploads\/2019\/10\/20190914-PAK_1993-Pano-272x182.jpg )\"\n\t\t\t\t\taria-labelledby=\"sow-carousel-id-373\"\n\t\t\t\t\ttabindex=\"-1\">\n\t\t\t\t\t<span class=\"overlay\"><\/span>\n\t\t\t\t<\/a>\n\t\t\t\t\t<\/div>\n\t\t<h3><a href=\"https:\/\/peppi-net.de\/?p=373\" id=\"sow-carousel-id-373\"  tabindex=\"-1\">Ulmener Maar<\/a><\/h3>\n\t<\/div>\n\t<div class=\"sow-carousel-item\" tabindex=\"-1\">\n\t\t<div class=\"sow-carousel-thumbnail\">\n\t\t\t\t\t\t\t<a href=\"https:\/\/peppi-net.de\/?p=753\"\n\t\t\t\t\t\t\t\t\t\tstyle=\"background-image: url( https:\/\/peppi-net.de\/wp-content\/uploads\/2020\/03\/20200307-_PAK6484-Bearbeitet-272x182.jpg )\"\n\t\t\t\t\taria-labelledby=\"sow-carousel-id-753\"\n\t\t\t\t\ttabindex=\"-1\">\n\t\t\t\t\t<span class=\"overlay\"><\/span>\n\t\t\t\t<\/a>\n\t\t\t\t\t<\/div>\n\t\t<h3><a href=\"https:\/\/peppi-net.de\/?p=753\" id=\"sow-carousel-id-753\"  tabindex=\"-1\">Industriekultur<\/a><\/h3>\n\t<\/div>\n\t<div class=\"sow-carousel-item\" tabindex=\"-1\">\n\t\t<div class=\"sow-carousel-thumbnail\">\n\t\t\t\t\t\t\t<a href=\"https:\/\/peppi-net.de\/?p=734\"\n\t\t\t\t\t\t\t\t\t\tstyle=\"background-image: url( https:\/\/peppi-net.de\/wp-content\/uploads\/2020\/02\/20200226-_PAK6348-1-272x182.jpg )\"\n\t\t\t\t\taria-labelledby=\"sow-carousel-id-734\"\n\t\t\t\t\ttabindex=\"-1\">\n\t\t\t\t\t<span class=\"overlay\"><\/span>\n\t\t\t\t<\/a>\n\t\t\t\t\t<\/div>\n\t\t<h3><a href=\"https:\/\/peppi-net.de\/?p=734\" id=\"sow-carousel-id-734\"  tabindex=\"-1\">Schloss Nymphenburg<\/a><\/h3>\n\t<\/div>\n\t<div class=\"sow-carousel-item\" tabindex=\"-1\">\n\t\t<div class=\"sow-carousel-thumbnail\">\n\t\t\t\t\t\t\t<a href=\"https:\/\/peppi-net.de\/?p=696\"\n\t\t\t\t\t\t\t\t\t\tstyle=\"background-image: url( https:\/\/peppi-net.de\/wp-content\/uploads\/2020\/01\/20191230-_PAK5143-HDR-Bearbeitet-272x182.jpg )\"\n\t\t\t\t\taria-labelledby=\"sow-carousel-id-696\"\n\t\t\t\t\ttabindex=\"-1\">\n\t\t\t\t\t<span class=\"overlay\"><\/span>\n\t\t\t\t<\/a>\n\t\t\t\t\t<\/div>\n\t\t<h3><a href=\"https:\/\/peppi-net.de\/?p=696\" id=\"sow-carousel-id-696\"  tabindex=\"-1\">Sonnenaufgang \u00fcber dem Jungfernweiher<\/a><\/h3>\n\t<\/div>\n\t<div class=\"sow-carousel-item\" tabindex=\"-1\">\n\t\t<div class=\"sow-carousel-thumbnail\">\n\t\t\t\t\t\t\t<a href=\"https:\/\/peppi-net.de\/?p=654\"\n\t\t\t\t\t\t\t\t\t\tstyle=\"background-image: url( https:\/\/peppi-net.de\/wp-content\/uploads\/2019\/12\/DGF_0931-Bearbeitet-272x182.jpg )\"\n\t\t\t\t\taria-labelledby=\"sow-carousel-id-654\"\n\t\t\t\t\ttabindex=\"-1\">\n\t\t\t\t\t<span class=\"overlay\"><\/span>\n\t\t\t\t<\/a>\n\t\t\t\t\t<\/div>\n\t\t<h3><a href=\"https:\/\/peppi-net.de\/?p=654\" id=\"sow-carousel-id-654\"  tabindex=\"-1\">New York&#8217;s Br\u00fccken<\/a><\/h3>\n\t<\/div>\n\t<div class=\"sow-carousel-item\" tabindex=\"-1\">\n\t\t<div class=\"sow-carousel-thumbnail\">\n\t\t\t\t\t\t\t<a href=\"https:\/\/peppi-net.de\/?p=518\"\n\t\t\t\t\t\t\t\t\t\tstyle=\"background-image: url( https:\/\/peppi-net.de\/wp-content\/uploads\/2019\/10\/20191005-_PAK2803-272x182.jpg )\"\n\t\t\t\t\taria-labelledby=\"sow-carousel-id-518\"\n\t\t\t\t\ttabindex=\"-1\">\n\t\t\t\t\t<span class=\"overlay\"><\/span>\n\t\t\t\t<\/a>\n\t\t\t\t\t<\/div>\n\t\t<h3><a href=\"https:\/\/peppi-net.de\/?p=518\" id=\"sow-carousel-id-518\"  tabindex=\"-1\">Herbst im Saarland<\/a><\/h3>\n\t<\/div>\n\t<div class=\"sow-carousel-item\" tabindex=\"-1\">\n\t\t<div class=\"sow-carousel-thumbnail\">\n\t\t\t\t\t\t\t<a href=\"https:\/\/peppi-net.de\/?p=485\"\n\t\t\t\t\t\t\t\t\t\tstyle=\"background-image: url( https:\/\/peppi-net.de\/wp-content\/uploads\/2019\/10\/20190926-_PAK2591-272x182.jpg )\"\n\t\t\t\t\taria-labelledby=\"sow-carousel-id-485\"\n\t\t\t\t\ttabindex=\"-1\">\n\t\t\t\t\t<span class=\"overlay\"><\/span>\n\t\t\t\t<\/a>\n\t\t\t\t\t<\/div>\n\t\t<h3><a href=\"https:\/\/peppi-net.de\/?p=485\" id=\"sow-carousel-id-485\"  tabindex=\"-1\">Finnisches Cottage in Holland<\/a><\/h3>\n\t<\/div>\n\t<div class=\"sow-carousel-item\" tabindex=\"-1\">\n\t\t<div class=\"sow-carousel-thumbnail\">\n\t\t\t\t\t\t\t<a href=\"https:\/\/peppi-net.de\/?p=252\"\n\t\t\t\t\t\t\t\t\t\tstyle=\"background-image: url( https:\/\/peppi-net.de\/wp-content\/uploads\/2019\/10\/20190831-PAK_1875-HDR.jpg )\"\n\t\t\t\t\taria-labelledby=\"sow-carousel-id-252\"\n\t\t\t\t\ttabindex=\"-1\">\n\t\t\t\t\t<span class=\"overlay\"><\/span>\n\t\t\t\t<\/a>\n\t\t\t\t\t<\/div>\n\t\t<h3><a href=\"https:\/\/peppi-net.de\/?p=252\" id=\"sow-carousel-id-252\"  tabindex=\"-1\">Nachtaufnahmen in Saarbr\u00fccken<\/a><\/h3>\n\t<\/div>\n\t\t\t<\/div>\n\t\t<\/div>\n\t<\/div>\n\t<input type=\"hidden\" name=\"instance_hash\" value=\"dd489981\"\/>\n<\/div>\t\t<\/div>\n\t\t\t\t<\/div>\n\t\t\t\t\t\t<\/div>\n\t\t\t\t\t<\/div>\n\t\t<\/div>\n\t\t\t\t\t\t\t\t<\/div>\n\t\t\t\t\t<\/div>\n\t\t<\/section>\n\t\t\t\t\t\t<\/div>\n\t\t\t\t\t<\/div>\n\t\t<\/div>\n\t\t\t\t\t\t\t\t<\/div>\n\t\t\t\t\t<\/div>\n\t\t<\/section>\n\t\t\t\t\t\t\t\t\t<\/div>\n\t\t\t<\/div>\n\t\t\t\t\t<\/div>\n\t\t","protected":false},"excerpt":{"rendered":"<p>Landschaftsfotografie Die Landschaftsfotografie zeigt in vielen F\u00e4llen unsere Natur und Fotografen nutzen sie insbesondere, um unsere Natur noch &#8222;bildgewaltiger&#8220; darzustellen. Ob nun die Langzeitbelichtung Seen und Fl\u00fcsse in einem beeindruckenden Schliereffekt sichtbar werden l\u00e4sst oder Nachtaufnahmen die Stadt in ein ganz anderes Licht r\u00fccken&#8230;&nbsp; Hier findet Ihr Fotoblogs rund um die Landschaftfotografie und die Bilder [&hellip;]<\/p>\n","protected":false},"author":1,"featured_media":374,"parent":0,"menu_order":0,"comment_status":"closed","ping_status":"closed","template":"","meta":{"spay_email":""},"_links":{"self":[{"href":"https:\/\/peppi-net.de\/index.php?rest_route=\/wp\/v2\/pages\/30"}],"collection":[{"href":"https:\/\/peppi-net.de\/index.php?rest_route=\/wp\/v2\/pages"}],"about":[{"href":"https:\/\/peppi-net.de\/index.php?rest_route=\/wp\/v2\/types\/page"}],"author":[{"embeddable":true,"href":"https:\/\/peppi-net.de\/index.php?rest_route=\/wp\/v2\/users\/1"}],"replies":[{"embeddable":true,"href":"https:\/\/peppi-net.de\/index.php?rest_route=%2Fwp%2Fv2%2Fcomments&post=30"}],"version-history":[{"count":24,"href":"https:\/\/peppi-net.de\/index.php?rest_route=\/wp\/v2\/pages\/30\/revisions"}],"predecessor-version":[{"id":534,"href":"https:\/\/peppi-net.de\/index.php?rest_route=\/wp\/v2\/pages\/30\/revisions\/534"}],"wp:featuredmedia":[{"embeddable":true,"href":"https:\/\/peppi-net.de\/index.php?rest_route=\/wp\/v2\/media\/374"}],"wp:attachment":[{"href":"https:\/\/peppi-net.de\/index.php?rest_route=%2Fwp%2Fv2%2Fmedia&parent=30"}],"curies":[{"name":"wp","href":"https:\/\/api.w.org\/{rel}","templated":true}]}}